{"id":451,"date":"2022-04-07T13:04:52","date_gmt":"2022-04-07T18:04:52","guid":{"rendered":"https:\/\/stuorgs.engineering.iastate.edu\/carc\/?page_id=451"},"modified":"2024-12-10T21:43:15","modified_gmt":"2024-12-11T03:43:15","slug":"photos-from-carc-events","status":"publish","type":"page","link":"https:\/\/stuorgs.engineering.iastate.edu\/carc\/photos-from-carc-events\/","title":{"rendered":"Photos From CARC Events"},"content":{"rendered":"\n<div class=\"wp-block-group\"><div class=\"wp-block-group__inner-container is-layout-constrained wp-block-group-is-layout-constrained\">\n<h1><strong>CARC participating in CQ WorldWide WPX Contest (March 29,2024)<\/strong><\/h1>\n<p>Similar to the event in 2022, CARC is continuing the tradition of participating in the CQ WorldWide WPX Contest. Making contacts from people all over the world such as Canada, Russia, Ireland, and many more. A perfect way to get used to making contacts and forming proper radio etiquette.&nbsp;<\/p>\n<p><img loading=\"lazy\" decoding=\"async\" class=\"alignnone size-medium wp-image-675\" src=\"https:\/\/stuorgs.engineering.iastate.edu\/carc\/files\/2024\/04\/image-2-300x225.jpeg\" alt=\"\" width=\"300\" height=\"225\" srcset=\"https:\/\/stuorgs.engineering.iastate.edu\/carc\/files\/2024\/04\/image-2-300x225.jpeg 300w, https:\/\/stuorgs.engineering.iastate.edu\/carc\/files\/2024\/04\/image-2-768x576.jpeg 768w, https:\/\/stuorgs.engineering.iastate.edu\/carc\/files\/2024\/04\/image-2-624x468.jpeg 624w, https:\/\/stuorgs.engineering.iastate.edu\/carc\/files\/2024\/04\/image-2.jpeg 800w\" sizes=\"auto, (max-width: 300px) 100vw, 300px\" \/><img loading=\"lazy\" decoding=\"async\" class=\"alignnone size-medium wp-image-674\" src=\"https:\/\/stuorgs.engineering.iastate.edu\/carc\/files\/2024\/04\/image-1-225x300.jpeg\" alt=\"\" width=\"225\" height=\"300\" srcset=\"https:\/\/stuorgs.engineering.iastate.edu\/carc\/files\/2024\/04\/image-1-225x300.jpeg 225w, https:\/\/stuorgs.engineering.iastate.edu\/carc\/files\/2024\/04\/image-1.jpeg 600w\" sizes=\"auto, (max-width: 225px) 100vw, 225px\" \/><\/p>\n<h1>&nbsp;<\/h1>\n<h1><strong>CARC And HABET Balloon Launch (March 23, 2024)<\/strong><\/h1>\n<p>CARC had the opportunity to work together with HABET club, in order to Launch a Balloon payload on Saturday, March 23, 2022. Giving the opportunity to allowing us to use their balloon to send up a simplex repeater.&nbsp;<\/p>\n<p><img loading=\"lazy\" decoding=\"async\" class=\"alignnone size-medium wp-image-673\" src=\"https:\/\/stuorgs.engineering.iastate.edu\/carc\/files\/2024\/04\/image-225x300.jpeg\" alt=\"\" width=\"225\" height=\"300\" srcset=\"https:\/\/stuorgs.engineering.iastate.edu\/carc\/files\/2024\/04\/image-225x300.jpeg 225w, https:\/\/stuorgs.engineering.iastate.edu\/carc\/files\/2024\/04\/image.jpeg 600w\" sizes=\"auto, (max-width: 225px) 100vw, 225px\" \/> &nbsp; <img loading=\"lazy\" decoding=\"async\" class=\"alignnone size-medium wp-image-676\" src=\"https:\/\/stuorgs.engineering.iastate.edu\/carc\/files\/2024\/04\/image-3-225x300.jpeg\" alt=\"\" width=\"225\" height=\"300\" srcset=\"https:\/\/stuorgs.engineering.iastate.edu\/carc\/files\/2024\/04\/image-3-225x300.jpeg 225w, https:\/\/stuorgs.engineering.iastate.edu\/carc\/files\/2024\/04\/image-3.jpeg 600w\" sizes=\"auto, (max-width: 225px) 100vw, 225px\" \/><\/p>\n<p>A member of ours went along with than HABET recovery team to retrieve the payload the balloon had carried, including the radio!<\/p>\n<p><img loading=\"lazy\" decoding=\"async\" class=\"alignnone size-medium wp-image-679\" src=\"https:\/\/stuorgs.engineering.iastate.edu\/carc\/files\/2024\/04\/image-225x300.png\" alt=\"\" width=\"225\" height=\"300\" srcset=\"https:\/\/stuorgs.engineering.iastate.edu\/carc\/files\/2024\/04\/image-225x300.png 225w, https:\/\/stuorgs.engineering.iastate.edu\/carc\/files\/2024\/04\/image-768x1024.png 768w, https:\/\/stuorgs.engineering.iastate.edu\/carc\/files\/2024\/04\/image-1152x1536.png 1152w, https:\/\/stuorgs.engineering.iastate.edu\/carc\/files\/2024\/04\/image-624x832.png 624w, https:\/\/stuorgs.engineering.iastate.edu\/carc\/files\/2024\/04\/image.png 1440w\" sizes=\"auto, (max-width: 225px) 100vw, 225px\" \/><img loading=\"lazy\" decoding=\"async\" class=\"alignnone size-medium wp-image-681\" src=\"https:\/\/stuorgs.engineering.iastate.edu\/carc\/files\/2024\/04\/image-1-225x300.png\" alt=\"\" width=\"225\" height=\"300\" srcset=\"https:\/\/stuorgs.engineering.iastate.edu\/carc\/files\/2024\/04\/image-1-225x300.png 225w, https:\/\/stuorgs.engineering.iastate.edu\/carc\/files\/2024\/04\/image-1-768x1024.png 768w, https:\/\/stuorgs.engineering.iastate.edu\/carc\/files\/2024\/04\/image-1-1152x1536.png 1152w, https:\/\/stuorgs.engineering.iastate.edu\/carc\/files\/2024\/04\/image-1-624x832.png 624w, https:\/\/stuorgs.engineering.iastate.edu\/carc\/files\/2024\/04\/image-1.png 1440w\" sizes=\"auto, (max-width: 225px) 100vw, 225px\" \/><img loading=\"lazy\" decoding=\"async\" class=\"alignnone wp-image-683\" src=\"https:\/\/stuorgs.engineering.iastate.edu\/carc\/files\/2024\/04\/image-3-e1712007964662-207x300.png\" alt=\"\" width=\"186\" height=\"270\"><\/p>\n<p>&nbsp;<\/p>\n<p>&nbsp;<\/p>\n<h1><strong>CARC Participates in Contesting (March 26, 2022)<\/strong><\/h1>\n<\/div><\/div>\n\n\n\n<p>CARC participated in the CQ World Wide WPX Single Side Band Contest on March 26, 2022, as <strong>W\u00d8ISU<\/strong>. Many members were able to have their first HF radio contact and try contesting.\u00a0<\/p>\n\n\n\n<div class=\"wp-block-group\"><div class=\"wp-block-group__inner-container is-layout-constrained wp-block-group-is-layout-constrained\">\n<figure class=\"wp-block-image size-large is-resized\"><img loading=\"lazy\" decoding=\"async\" width=\"768\" height=\"1024\" src=\"https:\/\/stuorgs.engineering.iastate.edu\/carc\/files\/2022\/04\/CARC-Contest-1-768x1024.jpeg\" alt=\"\" class=\"wp-image-452\" srcset=\"https:\/\/stuorgs.engineering.iastate.edu\/carc\/files\/2022\/04\/CARC-Contest-1-768x1024.jpeg 768w, https:\/\/stuorgs.engineering.iastate.edu\/carc\/files\/2022\/04\/CARC-Contest-1-225x300.jpeg 225w, https:\/\/stuorgs.engineering.iastate.edu\/carc\/files\/2022\/04\/CARC-Contest-1-1152x1536.jpeg 1152w, https:\/\/stuorgs.engineering.iastate.edu\/carc\/files\/2022\/04\/CARC-Contest-1-1536x2048.jpeg 1536w, https:\/\/stuorgs.engineering.iastate.edu\/carc\/files\/2022\/04\/CARC-Contest-1-624x832.jpeg 624w, https:\/\/stuorgs.engineering.iastate.edu\/carc\/files\/2022\/04\/CARC-Contest-1-scaled.jpeg 1920w\" sizes=\"auto, (max-width: 768px) 100vw, 768px\" \/><figcaption class=\"wp-element-caption\">CARC Members Alan (KF\u00d8HGF), Spencer (KF\u00d8HGI), Isaac (KF\u00d8HGJ), Jordan (KF\u00d8GMA), Braxton (KF\u00d8HGG), Ethan, Michael, Reese, Jesse (K\u00d8WKT), and adviser Dan (W\u00d8UHF) participated in the event.<\/figcaption><\/figure>\n<\/div><\/div>\n\n\n\n<figure class=\"wp-block-image size-large is-resized\"><img loading=\"lazy\" decoding=\"async\" width=\"768\" height=\"1024\" src=\"https:\/\/stuorgs.engineering.iastate.edu\/carc\/files\/2022\/04\/CARC-Contest-2-768x1024.jpeg\" alt=\"\" class=\"wp-image-456\" srcset=\"https:\/\/stuorgs.engineering.iastate.edu\/carc\/files\/2022\/04\/CARC-Contest-2-768x1024.jpeg 768w, https:\/\/stuorgs.engineering.iastate.edu\/carc\/files\/2022\/04\/CARC-Contest-2-225x300.jpeg 225w, https:\/\/stuorgs.engineering.iastate.edu\/carc\/files\/2022\/04\/CARC-Contest-2-1152x1536.jpeg 1152w, https:\/\/stuorgs.engineering.iastate.edu\/carc\/files\/2022\/04\/CARC-Contest-2-1536x2048.jpeg 1536w, https:\/\/stuorgs.engineering.iastate.edu\/carc\/files\/2022\/04\/CARC-Contest-2-624x832.jpeg 624w, https:\/\/stuorgs.engineering.iastate.edu\/carc\/files\/2022\/04\/CARC-Contest-2-scaled.jpeg 1920w\" sizes=\"auto, (max-width: 768px) 100vw, 768px\" \/><figcaption class=\"wp-element-caption\">Spencer (KF\u00d8HGI) working DX on 15 meters<\/figcaption><\/figure>\n\n\n\n<p><\/p>\n\n\n\n<figure class=\"wp-block-image size-large is-resized\"><img loading=\"lazy\" decoding=\"async\" width=\"768\" height=\"1024\" src=\"https:\/\/stuorgs.engineering.iastate.edu\/carc\/files\/2022\/04\/CARC-Contest-3-768x1024.jpeg\" alt=\"\" class=\"wp-image-457\" srcset=\"https:\/\/stuorgs.engineering.iastate.edu\/carc\/files\/2022\/04\/CARC-Contest-3-768x1024.jpeg 768w, https:\/\/stuorgs.engineering.iastate.edu\/carc\/files\/2022\/04\/CARC-Contest-3-225x300.jpeg 225w, https:\/\/stuorgs.engineering.iastate.edu\/carc\/files\/2022\/04\/CARC-Contest-3-1152x1536.jpeg 1152w, https:\/\/stuorgs.engineering.iastate.edu\/carc\/files\/2022\/04\/CARC-Contest-3-1536x2048.jpeg 1536w, https:\/\/stuorgs.engineering.iastate.edu\/carc\/files\/2022\/04\/CARC-Contest-3-624x832.jpeg 624w, https:\/\/stuorgs.engineering.iastate.edu\/carc\/files\/2022\/04\/CARC-Contest-3-scaled.jpeg 1920w\" sizes=\"auto, (max-width: 768px) 100vw, 768px\" \/><figcaption class=\"wp-element-caption\">Ethan tuning up on 20 meters<\/figcaption><\/figure>\n","protected":false},"excerpt":{"rendered":"<p>CARC participating in CQ WorldWide WPX Contest (March 29,2024) Similar to the event in 2022, CARC is continuing the tradition of participating in the CQ WorldWide WPX Contest. Making contacts from people all over the world such as Canada, Russia, Ireland, and many more. A perfect way to get used to making contacts and forming [&hellip;]<\/p>\n","protected":false},"author":2983,"featured_media":0,"parent":0,"menu_order":0,"comment_status":"closed","ping_status":"closed","template":"","meta":{"jetpack_post_was_ever_published":false,"footnotes":""},"class_list":["post-451","page","type-page","status-publish","hentry"],"jetpack_sharing_enabled":true,"jetpack_shortlink":"https:\/\/wp.me\/P7OMin-7h","_links":{"self":[{"href":"https:\/\/stuorgs.engineering.iastate.edu\/carc\/wp-json\/wp\/v2\/pages\/451","targetHints":{"allow":["GET"]}}],"collection":[{"href":"https:\/\/stuorgs.engineering.iastate.edu\/carc\/wp-json\/wp\/v2\/pages"}],"about":[{"href":"https:\/\/stuorgs.engineering.iastate.edu\/carc\/wp-json\/wp\/v2\/types\/page"}],"author":[{"embeddable":true,"href":"https:\/\/stuorgs.engineering.iastate.edu\/carc\/wp-json\/wp\/v2\/users\/2983"}],"replies":[{"embeddable":true,"href":"https:\/\/stuorgs.engineering.iastate.edu\/carc\/wp-json\/wp\/v2\/comments?post=451"}],"version-history":[{"count":9,"href":"https:\/\/stuorgs.engineering.iastate.edu\/carc\/wp-json\/wp\/v2\/pages\/451\/revisions"}],"predecessor-version":[{"id":687,"href":"https:\/\/stuorgs.engineering.iastate.edu\/carc\/wp-json\/wp\/v2\/pages\/451\/revisions\/687"}],"wp:attachment":[{"href":"https:\/\/stuorgs.engineering.iastate.edu\/carc\/wp-json\/wp\/v2\/media?parent=451"}],"curies":[{"name":"wp","href":"https:\/\/api.w.org\/{rel}","templated":true}]}}